{"id":167,"date":"2013-02-11T17:32:00","date_gmt":"2013-02-11T17:32:00","guid":{"rendered":"http:\/\/dimension-m.com\/assos3\/?page_id=167"},"modified":"2026-01-30T12:29:20","modified_gmt":"2026-01-30T12:29:20","slug":"newsletter","status":"publish","type":"page","link":"https:\/\/mutdidact.com\/?page_id=167","title":{"rendered":"Testez nos AudioGames"},"content":{"rendered":"<p>Abonnez-vous <strong>gratuitement<\/strong> \u00e0 notre Newsletter, testez nos AudioGames et faites-nous part de votre exp\u00e9rience.<\/p>\n\n<table>\n<tbody>\n<tr>\n<td>Abonnements AudioGames disponibles<\/td>\n<\/tr>\n<tr>\n<td>Abonnement Premium annuel \u20ac245,00 EUR<\/td>\n<\/tr>\n<\/tbody>\n<\/table>\n<p><img loading=\"lazy\" decoding=\"async\" src=\"https:\/\/www.paypalobjects.com\/fr_FR\/i\/scr\/pixel.gif\" alt=\"\" width=\"1\" height=\"1\" border=\"0\" \/><\/p>\n<p>Passez \u00e0 Premium et au plaisir d&rsquo;appendre sans limites !<\/p>\n<div class=\"page-container\">\n<section class=\"aba-plans-features\">\n<div class=\"section-title title-premium-advantages\"><strong>Qu&rsquo;obtient-on avec Premium\u202f?<\/strong><\/div>\n<div class=\"section-title title-premium-advantages\">&#8211; Acc\u00e8s illimit\u00e9 aux AudioGames<\/div>\n<div class=\"section-title title-premium-advantages\">&#8211; Accompagnateur\/formateur d\u00e9di\u00e9 pour r\u00e9pondre \u00e0 vos questions par tchat et\/ou par t\u00e9l\u00e9phone.<\/div>\n<div class=\"section-title title-premium-advantages\">&#8211; T\u00e9l\u00e9chargement des modules pour une utilisation hors connexion.<\/div>\n<div class=\"section-title title-premium-advantages\">&#8211; Compl\u00e9ments p\u00e9dagogiques en ligne pour approfondir les th\u00e8mes abord\u00e9s.<\/div>\n<div class=\"section-title title-premium-advantages\">&#8211; Outils de validation de vos acquis pour faire le point sur vos connaissances et mesurer votre progression.<\/div>\n<div class=\"section-title title-premium-advantages\">&#8211; <strong>Invitations gratuites \u00e0 nos soir\u00e9es \u00ab\u00a0formation\u00a0\u00bb o\u00f9 vous pourrez d\u00e9couvrir de nouveaux th\u00e8mes, \u00e9changer autour d&rsquo;un verre et d\u00e9velopper votre r\u00e9seau. La convivialit\u00e9, c&rsquo;est aussi un atout majeur pour acqu\u00e9rir de nouvelles comp\u00e9tences et \u00e9voluer.<br \/>\n<\/strong><\/div>\n<\/section>\n<\/div>\n<p><img loading=\"lazy\" decoding=\"async\" class=\"alignnone size-medium wp-image-6683\" src=\"https:\/\/mutdidact.com\/wp-content\/uploads\/2025\/12\/actu-studio-billancourt_beep-300x180.jpg\" alt=\"\" width=\"300\" height=\"180\" srcset=\"https:\/\/mutdidact.com\/wp-content\/uploads\/2025\/12\/actu-studio-billancourt_beep-300x180.jpg 300w, https:\/\/mutdidact.com\/wp-content\/uploads\/2025\/12\/actu-studio-billancourt_beep.jpg 615w\" sizes=\"auto, (max-width: 300px) 100vw, 300px\" \/><\/p>\n<p>Venez partager le quotidien des acteurs professionnels et participer \u00e0 l&rsquo;enregistrement des AudioGames dans les studios de post-synchronisation et de doublage.<\/p>\n<h3>\u00a0AudioGames Formation : O\u00f9, Quand, Comment jouer ?<\/h3>\n<p><em>Le module au format audio permet \u00e0 l&rsquo;apprenant de jouer dans n&rsquo;importe quel environnement.<br \/>\n<\/em><\/p>\n<p>Con\u00e7us sp\u00e9cifiquement pour smartphones et tablettes, ces AudioGames restent compatibles avec un ordinateur de bureau traditionnel.<\/p>\n<p>\u00c9quip\u00e9 d&rsquo;un kit mains-libres ou d&rsquo;une montre connect\u00e9e (smartwatch), l&rsquo;utilisateur peut d\u00e9velopper ses comp\u00e9tences en marchant, dans les transports en commun.<\/p>\n<h3>AudioGames Formation : Une exp\u00e9rience unique !<\/h3>\n<p>Nos modules sont des aventures immersives dont l\u2019apprenant devient le h\u00e9ros.<\/p>\n<p><strong><em>Particuli\u00e8rement adapt\u00e9s aux formations transverses ou comportementales, <\/em><em>nos AudioGames (modules de formation) sont con\u00e7us sur mesure afin d&rsquo;int\u00e9grer les valeurs et la culture de votre entreprise.<\/em><\/strong><\/p>\n","protected":false},"excerpt":{"rendered":"<p>Abonnez-vous gratuitement \u00e0 notre Newsletter, testez nos AudioGames et faites-nous part de votre exp\u00e9rience. Abonnements AudioGames disponibles Abonnement Premium annuel \u20ac245,00 EUR Passez \u00e0 Premium et au plaisir d&rsquo;appendre sans limites ! Qu&rsquo;obtient-on avec Premium\u202f? &#8211; Acc\u00e8s illimit\u00e9 aux AudioGames &#8211; Accompagnateur\/formateur d\u00e9di\u00e9 pour r\u00e9pondre \u00e0 vos questions par tchat et\/ou par t\u00e9l\u00e9phone. &#8211; T\u00e9l\u00e9chargement&hellip; <br \/> <a class=\"read-more\" href=\"https:\/\/mutdidact.com\/?page_id=167\">Lire la suite<\/a><\/p>\n","protected":false},"author":1,"featured_media":6683,"parent":0,"menu_order":0,"comment_status":"closed","ping_status":"open","template":"","meta":{"pagelayer_contact_templates":[],"_pagelayer_content":"","footnotes":""},"class_list":["post-167","page","type-page","status-publish","has-post-thumbnail","hentry"],"_links":{"self":[{"href":"https:\/\/mutdidact.com\/index.php?rest_route=\/wp\/v2\/pages\/167","targetHints":{"allow":["GET"]}}],"collection":[{"href":"https:\/\/mutdidact.com\/index.php?rest_route=\/wp\/v2\/pages"}],"about":[{"href":"https:\/\/mutdidact.com\/index.php?rest_route=\/wp\/v2\/types\/page"}],"author":[{"embeddable":true,"href":"https:\/\/mutdidact.com\/index.php?rest_route=\/wp\/v2\/users\/1"}],"replies":[{"embeddable":true,"href":"https:\/\/mutdidact.com\/index.php?rest_route=%2Fwp%2Fv2%2Fcomments&post=167"}],"version-history":[{"count":2,"href":"https:\/\/mutdidact.com\/index.php?rest_route=\/wp\/v2\/pages\/167\/revisions"}],"predecessor-version":[{"id":7453,"href":"https:\/\/mutdidact.com\/index.php?rest_route=\/wp\/v2\/pages\/167\/revisions\/7453"}],"wp:featuredmedia":[{"embeddable":true,"href":"https:\/\/mutdidact.com\/index.php?rest_route=\/wp\/v2\/media\/6683"}],"wp:attachment":[{"href":"https:\/\/mutdidact.com\/index.php?rest_route=%2Fwp%2Fv2%2Fmedia&parent=167"}],"curies":[{"name":"wp","href":"https:\/\/api.w.org\/{rel}","templated":true}]}}