{"id":4621,"date":"2013-02-11T17:32:00","date_gmt":"2013-02-11T16:32:00","guid":{"rendered":"http:\/\/dimension-m.com\/assos3\/?page_id=18"},"modified":"2026-01-09T09:47:42","modified_gmt":"2026-01-09T09:47:42","slug":"contacts-et-infos-legale","status":"publish","type":"page","link":"https:\/\/mutdidact.com\/?page_id=4621","title":{"rendered":"Contact"},"content":{"rendered":"<div><strong>Pour dialoguer c<\/strong><strong>omposez le N\u00b0 0<b>970 466 223<\/b> <em>(Prix d&rsquo;un appel local depuis la France).<\/em><\/strong><\/div>\n<div>\n<div>\n<div><strong><em>&nbsp;<\/em><\/strong><\/div>\n<\/div>\n<\/div>\n<div>\n<p><strong>AndrisProject ,&nbsp;<\/strong>c\/o Pod 2, The Old Station House<br \/>\n15A Main Street Blackrock Co. Dublin, A94 T8P8<\/p>\n<p>Ireland Phone number : +<strong>353 1 443&nbsp; 4546<br \/>\n<\/strong><\/p>\n<\/div>\n<div>\n<div><strong>&nbsp;<\/strong><\/div>\n<div>\n<div><\/div>\n<div><\/div>\n<div>\n<p><strong>Contactez-nous ou laissez-nous un message vocal via Skype : [Skype-Button id=\u00a0\u00bb1&Prime;]<br \/>\n<\/strong><\/p>\n<\/div>\n\n<div>\n<div id=\"SkypeButton_Call_jeanmichelcharrier_1\"><\/div>\n<ul>\n<li>Les coordonn\u00e9es personnelles transmises par e-mail via le formulaire de contact et le formulaire d&rsquo;inscription \u00e0 la newsletter sont conserv\u00e9es pendant le temps n\u00e9cessaire \u00e0 l&rsquo;instauration d&rsquo;un contact. Les int\u00e9ress\u00e9s peuvent demander la modification ou le retrait de leurs coordonn\u00e9es par e-mail. Ces coordonn\u00e9es ne sont transmises \u00e0 aucun tiers.<\/li>\n<\/ul>\n<p>Abonnement<\/p>\n<p><a href=\"https:\/\/wise.com\/pay\/business\/andrisprojectltd\">https:\/\/wise.com\/pay\/business\/andrisprojectltd<\/a><\/p>\n<div id=\"button-code-html\"><\/div>\n<\/div>\n<\/div>\n<\/div>\n","protected":false},"excerpt":{"rendered":"<p>Pour dialoguer composez le N\u00b0 0970 466 223 (Prix d&rsquo;un appel local depuis la France). &nbsp; AndrisProject ,&nbsp;c\/o Pod 2, The Old Station House 15A Main Street Blackrock Co. Dublin, A94 T8P8 Ireland Phone number : +353 1 443&nbsp; 4546 &nbsp; Contactez-nous ou laissez-nous un message vocal via Skype : [Skype-Button id=\u00a0\u00bb1&Prime;] Les coordonn\u00e9es personnelles&hellip; <br \/> <a class=\"read-more\" href=\"https:\/\/mutdidact.com\/?page_id=4621\">Lire la suite<\/a><\/p>\n","protected":false},"author":1,"featured_media":7077,"parent":0,"menu_order":5,"comment_status":"open","ping_status":"open","template":"","meta":{"pagelayer_contact_templates":[],"_pagelayer_content":"","footnotes":""},"class_list":["post-4621","page","type-page","status-publish","has-post-thumbnail","hentry"],"_links":{"self":[{"href":"https:\/\/mutdidact.com\/index.php?rest_route=\/wp\/v2\/pages\/4621","targetHints":{"allow":["GET"]}}],"collection":[{"href":"https:\/\/mutdidact.com\/index.php?rest_route=\/wp\/v2\/pages"}],"about":[{"href":"https:\/\/mutdidact.com\/index.php?rest_route=\/wp\/v2\/types\/page"}],"author":[{"embeddable":true,"href":"https:\/\/mutdidact.com\/index.php?rest_route=\/wp\/v2\/users\/1"}],"replies":[{"embeddable":true,"href":"https:\/\/mutdidact.com\/index.php?rest_route=%2Fwp%2Fv2%2Fcomments&post=4621"}],"version-history":[{"count":1,"href":"https:\/\/mutdidact.com\/index.php?rest_route=\/wp\/v2\/pages\/4621\/revisions"}],"predecessor-version":[{"id":7332,"href":"https:\/\/mutdidact.com\/index.php?rest_route=\/wp\/v2\/pages\/4621\/revisions\/7332"}],"wp:featuredmedia":[{"embeddable":true,"href":"https:\/\/mutdidact.com\/index.php?rest_route=\/wp\/v2\/media\/7077"}],"wp:attachment":[{"href":"https:\/\/mutdidact.com\/index.php?rest_route=%2Fwp%2Fv2%2Fmedia&parent=4621"}],"curies":[{"name":"wp","href":"https:\/\/api.w.org\/{rel}","templated":true}]}}