{"id":4622,"date":"2013-02-11T17:31:00","date_gmt":"2013-02-11T16:31:00","guid":{"rendered":"http:\/\/dimension-m.com\/assos3\/?page_id=27"},"modified":"2026-01-08T10:51:36","modified_gmt":"2026-01-08T10:51:36","slug":"notre-metier","status":"publish","type":"page","link":"https:\/\/mutdidact.com\/?page_id=4622","title":{"rendered":"Notre m\u00e9tier"},"content":{"rendered":"<div  data-id=\"initial-content-section\" data-export-id=\"initial-content-section\" data-label=\"Initial Content\" id=\"initial-content-section\" class=\"content-section content-section-spacing\">\n   <div  class=\"gridContainer\">\n     <div  class=\"row\">\n\n        <div  class=\"col-xs-12 col-sm-12\">                <p ><\/p>\n<h4  class=\"wp-block-heading\">Nos solutions consultants et formateurs au service de votre organisme<\/h4>\n<p ><\/p>\n<p ><\/p>\n<p ><strong ><span  style=\"color: #333333;\">Nous intervenons en qualit\u00e9 de consultants-formateurs et chef de projet aupr\u00e8s des entreprises et des centres de formation.<\/span><\/strong><\/p>\n<p ><\/p>\n<p ><\/p>\n<p ><span  style=\"color: #333333;\">Sur simple appel t\u00e9l\u00e9phonique, vous disposez d\u2019experts m\u00e9tiers.<\/span><\/p>\n<p ><\/p>\n<p ><\/p>\n<p ><span  style=\"color: #333333;\">Nous intervenons en votre nom sur le site de votre choix.<\/span><\/p>\n<p ><\/p>\n<p ><\/p>\n<p ><strong >POURQUOI FAIRE APPEL A DES CONSULTANTS EXTERNES ?<\/strong><\/p>\n<p ><\/p>\n<p ><\/p>\n<p >Les collaborateurs externes vous seront vite indispensables, afin de :<\/p>\n<p ><\/p>\n<p ><\/p>\n<ul class=\"wp-block-list\" >\n<li >Disposer d\u2019une solution Blended et Mobile-Learning sans investissement pr\u00e9alable.<\/li>\n<p ><\/p>\n<p ><\/p>\n<li >R\u00e9pondre \u00e0 une demande sp\u00e9cifique sur un nouveau domaine pour vous.<\/li>\n<p ><\/p>\n<p ><\/p>\n<li >Disposer d\u2019un expert m\u00e9tier imm\u00e9diatement op\u00e9rationnel<\/li>\n<p ><\/p>\n<p ><\/p>\n<li >Faire face \u00e0 une surcharge de travail.<\/li>\n<p ><\/p>\n<p ><\/p>\n<li >Remplacer un intervenant indisponible.<\/li>\n<p ><\/p>\n<p ><\/p>\n<li >Compl\u00e9ter vos ressources internes.<\/li>\n<p ><\/p><\/ul>\n<p ><\/p>\n<p ><\/p>\n<p ><\/p>\n<p ><\/p>\n<p ><\/p>\n<p ><\/p>\n<h2  class=\"wp-block-heading has-vivid-red-color has-text-color\"><strong >Management de Transition \u2013 Int\u00e9rim Management<\/strong><\/h2>\n<p ><\/p>\n<p ><\/p>\n<div  class=\"wp-block-group is-vertical is-layout-flex wp-container-core-group-is-layout-8cf370e7 wp-block-group-is-layout-flex\">\n<p >Votre service Client doit \u00e9voluer rapidement et tr\u00e8s concr\u00e8tement ? <\/p>\n<p ><\/p>\n<p ><\/p>\n<p >Votre management doit prendre une nouvelle orientation ?<\/p>\n<p ><\/p>\n<p ><\/p>\n<p >Vous pr\u00e9parez l\u2019arriv\u00e9e d\u2019un nouveau manager ou vos managers isol\u00e9s ont besoin d\u2019\u00e9coute, de conseils ou de m\u00e9thodologie ?<\/p>\n<p ><\/p>\n<p ><\/p>\n<p ><strong ><em >Nous apportons des solutions concr\u00e8tes pour vos situations de changement ou d\u2019urgence.<\/em><\/strong><\/p>\n<p ><\/p><\/div>\n<p ><\/p>\n<p ><\/p>\n<p ><em >Le management de transition s\u2019applique dans toute situation qui n\u00e9cessite d\u2019avoir un homme ou une femme de terrain, avec une comp\u00e9tence tr\u00e8s sp\u00e9cifique, pour une dur\u00e9e d\u00e9termin\u00e9e.<\/em><\/p>\n<p ><\/p>\n<p ><\/p>\n<div  class=\"wp-block-group\"><\/div>\n<p ><\/p>\n<p ><\/p>\n<p >Par exemple :<\/p>\n<p ><\/p>\n<p ><\/p>\n<ul class=\"wp-block-list\" >\n<li >L\u2019accompagnement au changement (processus, outils, externalisation, internalisation \u2026)<\/li>\n<p ><\/p>\n<p ><\/p>\n<li >La gestion op\u00e9rationnelle d\u2019une crise ou d\u2019une urgence (forte augmentation des volumes, baisse de productivit\u00e9, qualit\u00e9 d\u00e9grad\u00e9e\u2026)<\/li>\n<p ><\/p>\n<p ><\/p>\n<li >L\u2019attente d\u2019un nouveau manager op\u00e9rationnel<\/li>\n<p ><\/p><\/ul>\n<p ><\/p>\n<p ><\/p>\n<p ><\/p>\n<p ><\/p>\n<p >Pour vous permettre de r\u00e9ussir vos projets, de r\u00e9pondre \u00e0 vos attentes et d\u2019acc\u00e9l\u00e9rer vos transformations selon vos objectifs, nous vous apportons des solutions concr\u00e8te : AndrisRelay.<\/p>\n<p ><\/p>\n<p ><\/p>\n<p ><strong ><em >Notre philosophie<\/em><\/strong><\/p>\n<p ><\/p>\n<p ><\/p>\n<p ><em >Le management de transition apporte une r\u00e9ponse sur-mesure pour :<\/em><\/p>\n<p ><\/p>\n<p ><\/p>\n<div  class=\"wp-block-group is-vertical is-layout-flex wp-container-core-group-is-layout-8cf370e7 wp-block-group-is-layout-flex\">\n<ul class=\"wp-block-list\" >\n<li >G\u00e9rer une situation exceptionnelle.<\/li>\n<p ><\/p>\n<p ><\/p>\n<li >Tester une organisation diff\u00e9rente ou des m\u00e9thodes d\u2019am\u00e9lioration.<\/li>\n<p ><\/p>\n<p ><\/p>\n<li >Accompagner de nouveaux managers.<\/li>\n<p ><\/p><\/ul>\n<p ><\/p>\n<p ><\/p>\n<p ><strong ><em >Nos prestations<\/em> <\/strong>:<\/p>\n<p ><\/p>\n<p ><\/p>\n<ul class=\"wp-block-list\" >\n<li >La maitrise des diff\u00e9rents postes en service clients<\/li>\n<p ><\/p>\n<p ><\/p>\n<li >Des consultants imm\u00e9diatement op\u00e9rationnels<\/li>\n<p ><\/p>\n<p ><\/p>\n<li >Des m\u00e9thodes concr\u00e8tes et pragmatiques<\/li>\n<p ><\/p>\n<p ><\/p>\n<li >Des actions imm\u00e9diatement applicables<\/li>\n<p ><\/p><\/ul>\n<p ><\/p><\/div>\n<p ><\/p>\n<p ><\/p>\n<p >En savoir plus ?<br >composez le N\u00b0 0 970 466 223 (Prix d\u2019un appel local depuis un poste fixe).<\/p>\n<p ><\/p>\n<p ><\/p>\n<p ><strong >Secteurs privil\u00e9gi\u00e9s d\u2019intervention :<\/strong><\/p>\n<p ><\/p>\n<p ><\/p>\n<ul class=\"wp-block-list\" >\n<li >Sant\u00e9<\/li>\n<p ><\/p>\n<p ><\/p>\n<li >Laboratoires pharmaceutiques<\/li>\n<p ><\/p>\n<p ><\/p>\n<li >Automobile<\/li>\n<p ><\/p>\n<p ><\/p>\n<li >Bancassurance<\/li>\n<p ><\/p>\n<p ><\/p>\n<li >Mutualit\u00e9 Fran\u00e7aise<\/li>\n<p ><\/p>\n<p ><\/p>\n<li >\u00c9nergie :\n<ul class=\"wp-block-list\" >\n<li >&nbsp;nucl\u00e9aire<\/li>\n<p ><\/p>\n<p ><\/p>\n<li >&nbsp;\u00e9lectrique<\/li>\n<p ><\/p><\/ul>\n<p ><\/p><\/li>\n<p ><\/p>\n<p ><\/p>\n<li >Transport\n<ul class=\"wp-block-list\" >\n<li >a\u00e9rien<\/li>\n<p ><\/p>\n<p ><\/p>\n<li >ferroviaire<\/li>\n<p ><\/p><\/ul>\n<p ><\/p><\/li>\n<p ><\/p>\n<p ><\/p>\n<li >Administrations publiques et territoriales\n<ul class=\"wp-block-list\" >\n<li >Minist\u00e8res<\/li>\n<p ><\/p>\n<p ><\/p>\n<li >Pr\u00e9fectures<\/li>\n<p ><\/p>\n<p ><\/p>\n<li >Universit\u00e9s<\/li>\n<p ><\/p>\n<p ><\/p>\n<li >Cours d\u2019appel<\/li>\n<p ><\/p>\n<p ><\/p>\n<li >Caisse des d\u00e9p\u00f4ts et consignations<\/li>\n<p ><\/p>\n<p ><\/p>\n<li >DRAAF<\/li>\n<p ><\/p>\n<p ><\/p>\n<li >DDPP (protection de la population)<\/li>\n<p ><\/p>\n<p ><\/p>\n<li >DDT (territoires)<\/li>\n<p ><\/p>\n<p ><\/p>\n<li >DRIHL (h\u00e9bergement et logement)<\/li>\n<p ><\/p>\n<p ><\/p>\n<li >DDCS (coh\u00e9sion sociale)<\/li>\n<p ><\/p>\n<p ><\/p>\n<li >Mairies<\/li>\n<p ><\/p><\/ul>\n<p ><\/p><\/li>\n<p ><\/p>\n<p ><\/p>\n<li >Recherches<\/li>\n<p ><\/p><\/ul>\n<p ><\/p>\n\n          <\/div>\n      <\/div>\n  <\/div>\n<\/div>","protected":false},"excerpt":{"rendered":"<p>Nos solutions consultants et formateurs au service de votre organisme Nous intervenons en qualit\u00e9 de consultants-formateurs et chef de projet aupr\u00e8s des entreprises et des centres de formation. Sur simple appel t\u00e9l\u00e9phonique, vous disposez d\u2019experts m\u00e9tiers. Nous intervenons en votre nom sur le site de votre choix. POURQUOI FAIRE APPEL A DES CONSULTANTS EXTERNES ?&hellip; <br \/> <a class=\"read-more\" href=\"https:\/\/mutdidact.com\/?page_id=4622\">Lire la suite<\/a><\/p>\n","protected":false},"author":1,"featured_media":0,"parent":0,"menu_order":1,"comment_status":"open","ping_status":"open","template":"pro\/page-templates\/full-width-page.php","meta":{"pagelayer_contact_templates":[],"_pagelayer_content":"","footnotes":""},"class_list":["post-4622","page","type-page","status-publish","hentry"],"_links":{"self":[{"href":"https:\/\/mutdidact.com\/index.php?rest_route=\/wp\/v2\/pages\/4622","targetHints":{"allow":["GET"]}}],"collection":[{"href":"https:\/\/mutdidact.com\/index.php?rest_route=\/wp\/v2\/pages"}],"about":[{"href":"https:\/\/mutdidact.com\/index.php?rest_route=\/wp\/v2\/types\/page"}],"author":[{"embeddable":true,"href":"https:\/\/mutdidact.com\/index.php?rest_route=\/wp\/v2\/users\/1"}],"replies":[{"embeddable":true,"href":"https:\/\/mutdidact.com\/index.php?rest_route=%2Fwp%2Fv2%2Fcomments&post=4622"}],"version-history":[{"count":3,"href":"https:\/\/mutdidact.com\/index.php?rest_route=\/wp\/v2\/pages\/4622\/revisions"}],"predecessor-version":[{"id":7284,"href":"https:\/\/mutdidact.com\/index.php?rest_route=\/wp\/v2\/pages\/4622\/revisions\/7284"}],"wp:attachment":[{"href":"https:\/\/mutdidact.com\/index.php?rest_route=%2Fwp%2Fv2%2Fmedia&parent=4622"}],"curies":[{"name":"wp","href":"https:\/\/api.w.org\/{rel}","templated":true}]}}