{"id":6,"date":"2025-12-26T18:13:35","date_gmt":"2025-12-26T18:13:35","guid":{"rendered":"https:\/\/mutdidact.com\/mesmerize-pro\/"},"modified":"2026-01-31T11:02:43","modified_gmt":"2026-01-31T11:02:43","slug":"mesmerize-pro","status":"publish","type":"page","link":"https:\/\/mutdidact.com\/","title":{"rendered":"Front Page"},"content":{"rendered":"<div  id=\"overlappable-4\" style=\"background-color: #ffffff;\" data-label=\"Overlappable\" data-id=\"overlappable-4\" data-export-id=\"overlappable-4\" data-category=\"overlappable\" class=\"overlappable-4 content-section content-section-spacing\" data-overlap=\"true\"><div  class=\"\"> <div  data-type=\"row\" class=\"row spaced-cols text-center\"><div  class=\"col-xs-12 col-sm-4 col-padding col-md-3 \"> <i  class=\"fa icon shadow-large-black aligncenter fa-address-card-o bordered round large color2\"><\/i> <div  data-type=\"column\" class=\"\"> <h5  class=\"\">DES CONSULTANTS-FORMATEURS EXP\u00c9RIMENT\u00c9S<\/h5> <p  class=\"\">Nous concevons et animons des formations depuis plus de 25 ans sur les th\u00e9matiques du D\u00e9veloppement de la Culture Client, du Management de la Qualit\u00e9, du d\u00e9veloppement responsable et de l\u2019engagement au travail.<\/p><\/div> <\/div> <div  class=\"col-xs-12 col-sm-4 col-padding col-md-3 \"> <i  class=\"fa icon shadow-large-black aligncenter fa-book bordered round large color2\"><\/i> <div  data-type=\"column\" class=\"\"><h5  class=\"\">DES CONTENUS ANDRAGOGIQUES OPTIMIS\u00c9S<\/h5> <p  class=\"\">Nos modules \u00e9voluent avec vous. Le principe de l\u2019am\u00e9lioration continue est le n\u00f4tre avant d\u2019\u00eatre une exigence de l\u2019ISO 9001.<\/p><\/div> <\/div> <div  class=\"col-xs-12 col-sm-4 col-padding col-md-3 \"> <i  class=\"fa icon shadow-large-black aligncenter fa-tablet bordered round large color2\"><\/i> <div  data-type=\"column\" class=\"\"><h5  class=\"\">DES SUPPORTS BLENDED ET MOBILE-LEARNING SP\u00c9CIFIQUES ET INNOVANTS<\/h5> <p  class=\"\">Priorit\u00e9 au plaisir d\u2019apprendre et \u00e0 la qualit\u00e9 de l\u2019exp\u00e9rience v\u00e9cue par les apprenants et les abonn\u00e9s.<\/p><\/div> <\/div><div  class=\"col-xs-12 col-sm-4 col-padding col-md-3\"> <i  class=\"fa icon shadow-large-black aligncenter fa-comments-o bordered round large color2\"><\/i> <div  data-type=\"column\" class=\"\"> <h5  class=\"\">DES R\u00c9SEAUX SOCIAUX\u2028ADAPT\u00c9S<\/h5> <p  class=\"\">Nous concevons, d\u00e9veloppons et animons des r\u00e9seaux sociaux \u00e9ph\u00e9m\u00e8res ou permanents dans\u2028une d\u00e9marche d\u2019Intelligence Collective<\/p><\/div> <\/div><\/div> <\/div><\/div><div  data-label=\"About\" data-id=\"about--2\" data-export-id=\"about-images-right-section\" data-category=\"about\" class=\"about-images-right-section content-section content-section-spacing\" id=\"about-3\" style=\"background-color: rgb(245, 250, 253);\"><div  class=\"gridContainer\"> <div  class=\"row middle-sm text-center\"><div  class=\"col-sm-5 content-left-sm\" data-type=\"column\">  <h2  class=\"\">Nous intervenons en qualit\u00e9 de chefs de projets aupr\u00e8s des entreprises, des \u00e9tablissements de sant\u00e9 et des centres de formation professionnelle<\/h2> <p  class=\"\">Consultants formateurs depuis 1985, nous accompagnons les entreprises et les \u00e9tablissements de sant\u00e9 dans les mutations qu\u2019ils rencontrent et dans leur syst\u00e8me de management (HAS et ISO).<br >\nNotre priorit\u00e9 : garantir la p\u00e9rennit\u00e9 des interventions au travers d\u2019un suivi\/coaching efficient.<br >\nC\u2019est la raison pour laquelle depuis 1995 nous privil\u00e9gions des actions hybrides (formation en salle, suivi-coaching \u00e0 distance et mobile-learning).<\/p> <a  class=\"button color2 round outline\" href=\"https:\/\/mutdidact.com?page_id=4622\" target=\"_self\" data-cp-link=\"1\" data-icon=\"\">En savoir plus<\/a><\/div> <div  class=\"col-sm-7 space-bottom-xs\"><div  class=\"image-group-side-3-img\"> <img  decoding=\"async\" class=\"topimg shadow-large\" src=\"https:\/\/mutdidact.com\/wp-content\/uploads\/2026\/01\/cropped-stan4_yin-1.jpg\" title=\"cropped-stan4_yin-1\" alt=\"\"> <img  decoding=\"async\" class=\"rightimg shadow-large\" src=\"https:\/\/mutdidact.com\/wp-content\/uploads\/2026\/01\/Capture-decran-2025-07-10-a-09.00.34-2-scaled.png\" title=\"Capture d\u2019e\u0301cran 2025-07-10 a\u0300 09.00.34 (2)\" alt=\"\"> <div  class=\"leftimg\"> <img  decoding=\"async\" class=\"shadow-large\" src=\"https:\/\/mutdidact.com\/wp-content\/uploads\/2026\/01\/cropped-retarite2.png\" title=\"cropped-retarite2\" alt=\"\"><\/div> <\/div><\/div> <\/div><\/div> <\/div><div  data-label=\"About\" data-id=\"about--3\" data-export-id=\"about-1\" data-category=\"about\" class=\"about-1 content-section\" id=\"about-4\" style=\"background-color: rgb(245, 250, 253);\"><div  class=\"gridContainer\"> <div  class=\"row text-center\"><div  class=\"section-title-col\" data-type=\"column\">  <h2  class=\"\">Pourquoi faire appel \u00e0 des consultants externes ?<\/h2> <p  class=\"lead\">Les collaborateurs externes vous permettent de :<br >\n\u2013 Disposer d\u2019une solution Blended et Mobile-Learning sans investissement pr\u00e9alable.<br >\n\u2013 R\u00e9pondre \u00e0 une demande sp\u00e9cifique sur un nouveau domaine pour vous.<br >\n\u2013 Disposer d\u2019un expert m\u00e9tier imm\u00e9diatement op\u00e9rationnel.<br >\n\u2013 Accompagner vos ressources internes dans le d\u00e9veloppement de leurs comp\u00e9tences.<\/p><\/div> <\/div> <div  class=\"row\"> <div  class=\"button-holder space-bottom space-bottom-small\" data-type=\"column\"> <\/div> <div  class=\"col-xs bottom-xs flexbox image-group-bottom-3-img space-bottom-xs center-xs\"> <img  decoding=\"async\" class=\"left-img shadow-large-black\" data-size=\"500x300\" src=\"https:\/\/mutdidact.com\/wp-content\/uploads\/2025\/12\/cropped-PHOTO-2024-07-06-16-19-59-768x574-1.jpg\" title=\"PHOTO-2024-07-06-16-19-59-768x574\" alt=\"\"> <img  decoding=\"async\" class=\"center-img shadow-large-black\" data-size=\"500x300\" src=\"https:\/\/mutdidact.com\/wp-content\/uploads\/2025\/12\/cropped-cropped-sailing-ship-at-sunset-picture-id172365261-2.jpg\" title=\"cropped-cropped-sailing-ship-at-sunset-picture-id172365261-2.jpg\" alt=\"\"> <img  decoding=\"async\" class=\"right-img shadow-large-black\" data-size=\"500x300\" src=\"https:\/\/mutdidact.com\/wp-content\/uploads\/2025\/12\/cropped-header_12.jpg\" title=\"cropped-header_12.jpg\" alt=\"\"><\/div> <\/div><\/div> <\/div><div  data-label=\"About\" data-id=\"about--6\" data-export-id=\"about-10\" data-category=\"about\" class=\"about-10 content-section content-section-spacing\" id=\"about-7\" style=\"background-color: rgb(245, 250, 253);\"><div  class=\"gridContainer\"> <div  class=\"row middle-sm text-center\"><div  class=\"col-sm-5 space-bottom-xs content-column\" data-type=\"column\"> <h5  class=\"\">AndrisProject le droit \u00e0 la diff\u00e9rence<\/h5> <h2  class=\"\">Croisi\u00e8res formation Management et D\u00e9veloppement de la Culture client.<\/h2> <p  class=\"\"><br >\nSource de d\u00e9veloppement professionnel, mais aussi de bien-\u00eatre et d\u2019\u00e9panouissement personnel, nos croisi\u00e8res studieuses vous surprendront par leur prix abordable, identique \u00e0 celui d\u2019une formation classique.<br >\nTous nos modules se d\u00e9clinent en version croisi\u00e8res courtes de 1 \u00e0 3 jours ou en version \u00ab D\u00e9couverte Bien-\u00eatre \u00bb de 5 \u00e0 7 jours et tout cela en fonction du th\u00e8me choisi et des souhaits de votre entreprise.<\/p> <a  class=\"button color2 round outline\" href=\"https:\/\/mutdidact.com?p=5171\" target=\"_self\" data-cp-link=\"1\" data-icon=\"\">EN SAVOIR PLUS <\/a><\/div> <div  class=\"col-sm-7 flexbox middle-xs center-xs space-bottom-xs\"><div  class=\"overlay-box middle-xs center-xs flexbox\"> <div  class=\"overlay-box-offset offset-border shadow-medium border-color1 hide-xs\"><\/div> <img  decoding=\"async\" class=\"shadow-large\" data-size=\"485x705\" src=\"https:\/\/mutdidact.com\/wp-content\/uploads\/2026\/01\/cropped-catamaran-calanques-copie-1.jpg\" title=\"cropped-catamaran-calanques-copie-1\" alt=\"\"><\/div> <\/div><\/div> <\/div><\/div><div  data-label=\"About\" data-id=\"about--5\" data-export-id=\"about-9\" data-category=\"about\" class=\"about-9 content-section content-section-spacing\" id=\"about-6\" style=\"background-color: rgb(255, 255, 255);\"><div  class=\"gridContainer\"> <div  class=\"row middle-sm text-center\"><div  class=\"col-sm-5 space-bottom-xs content-column content-right-sm\" data-type=\"column\">  <h2  class=\"\" style=\"text-align: left;\">AUDIOGAMES : jouer et explorer de nouveaux territoires d\u2019apprentissage.<\/h2> <p  class=\"\" style=\"text-align: left;\">D\u00e9velopper ses comp\u00e9tences en privil\u00e9giant le plaisir d\u2019apprendre.<\/p> <a  class=\"button no-shadow color2 round outline\" href=\"https:\/\/mutdidact.com\/ag\/presentationsante\/index.html\" target=\"_self\" data-cp-link=\"1\" data-icon=\"\">EN SAVOIR PLUS<\/a><\/div> <div  class=\"col-sm-7 flexbox flexbox middle-xs center-xs space-bottom-xs\"><div  class=\"overlay-box flexbox middle-xs center-xs overlay-holder \"> <div  class=\"overlay-box-offset offset-background shadow-medium bg-color2 hide-xs\"><\/div> <img  decoding=\"async\" class=\"flexbox shadow-large img1\" src=\"https:\/\/mutdidact.com\/wp-content\/uploads\/2026\/01\/cropped-christian-1.png\" data-size=\"600x400\" title=\"cropped-christian-1\" alt=\"\"><\/div> <\/div><\/div> <\/div><\/div><div  id=\"cta-1\" data-label=\"Cta\" data-id=\"cta-blue-section\" data-export-id=\"cta-blue-section\" data-category=\"cta\" class=\"cta-blue-section content-section content-section-spacing-medium bg-color1 white-text\" style=\"background-image: url(&quot;https:\/\/mutdidact.com\/wp-content\/uploads\/2025\/12\/cropped-iStock-1037401190-768x497-1.jpg&quot;); background-size: cover; background-position: center top;\"><div  class=\"gridContainer\"> <div  class=\"row middle-xs\"><div  class=\"col-sm-8 space-bottom-xs\" data-type=\"column\"> <h2  class=\"\">Prendre Rendez-Vous \u2013 Suivi coaching<\/h2> <\/div> <div  class=\"col-sm-4 end-sm\" data-type=\"column\"> <a  class=\"button color2 round outline\" href=\"https:\/\/mutdidact.com?page_id=5728\" target=\"_self\" data-cp-link=\"1\" data-icon=\"\">ACCES AGENDA<\/a><\/div> <\/div><\/div> <\/div><div  data-label=\"About\" data-id=\"about--1\" data-export-id=\"about-10\" data-category=\"about\" class=\"about-10 content-section content-section-spacing content-relative\" id=\"about-2\" style=\"background-color: rgb(245, 250, 253);\"><div  class=\"gridContainer\"> <div  class=\"row middle-sm text-center\"><div  class=\"col-sm-5 space-bottom-xs content-column\" data-type=\"column\"> <h5  class=\"\">Actualit\u00e9 retraite<\/h5> <h2  class=\"\">Bien comprendre le fonctionnement actuel du syst\u00e8me de retraite par r\u00e9partition en France.<\/h2> <p  class=\"\">\u00c0 l\u2019heure o\u00f9 les conflits sociaux reviennent sur le devant de la sc\u00e8ne, nous vous invitons \u00e0 t\u00e9l\u00e9charger et  \u00e0 relire cette BD con\u00e7ue en 2000 pour le compte de  la Mutualit\u00e9 Fran\u00e7aise.\u2028\u2028Audiogame d\u2019Introduction \u00e0 la BD<br >\nBD explicative en t\u00e9l\u00e9chargement (avec infographie)<\/p> <a  class=\"button color2 round outline\" href=\"https:\/\/mutdidact.com\/ag\/retraite\/index.html\" target=\"_self\" data-cp-link=\"1\" data-icon=\"\">En savoir plus <\/a><\/div> <div  class=\"col-sm-7 flexbox middle-xs center-xs space-bottom-xs\"><div  class=\"overlay-box middle-xs center-xs flexbox\"> <div  class=\"overlay-box-offset shadow-medium border-color1 hide-xs offset-border\"><\/div> <a  data-cp-link=\"1\" href=\"https:\/\/mutdidact.com\/ag\/retraite\/index.html\" target=\"_self\"><img  decoding=\"async\" class=\"shadow-large\" data-size=\"485x705\" src=\"https:\/\/mutdidact.com\/wp-content\/uploads\/2026\/01\/cropped-cropped-retraite1-e1522838270948-1.png\" title=\"cropped-cropped-retraite1-e1522838270948-1.png\" alt=\"\"><\/a><\/div> <\/div><\/div> <\/div><div  class=\"section-separator-bottom\">\n    <svg  xmlns=\"http:\/\/www.w3.org\/2000\/svg\" viewBox=\"0 0 1000 100\" preserveAspectRatio=\"none\" data-separator-name=\"waves\" class=\"section-separator-bottom\">\n\t<path  class=\"svg-white-bg\" d=\"M421.9,6.5c22.6-2.5,51.5,0.4,75.5,5.3c23.6,4.9,70.9,23.5,100.5,35.7c75.8,32.2,133.7,44.5,192.6,49.7\n\tc23.6,2.1,48.7,3.5,103.4-2.5c54.7-6,106.2-25.6,106.2-25.6V0H0v30.3c0,0,72,32.6,158.4,30.5c39.2-0.7,92.8-6.7,134-22.4\n\tc21.2-8.1,52.2-18.2,79.7-24.2C399.3,7.9,411.6,7.5,421.9,6.5z\"><\/path>\n<\/svg>\n<\/div><\/div><div  id=\"contact-1\" data-label=\"Contact\" data-id=\"contact-1\" data-export-id=\"contact-1\" data-category=\"contact\" class=\"contact-1 content-section content-section-spacing white-text\" data-parallax-depth=\"20\" style=\"background-size: cover; background-position: center top; background-image: url(&quot;https:\/\/mutdidact.com\/wp-content\/uploads\/2025\/12\/cropped-photo-runner_Beep_Cornered-copie-1440x1080-1.jpg&quot;);\"><div  class=\"gridContainer\"> <div  class=\"row text-center\"><div  class=\"section-title-col\" data-type=\"column\"> <h2  class=\"\">Contact<\/h2> <p  class=\"lead\">Vous souhaitez en savoir plus ou dialoguer ?<\/p><\/div> <\/div> <div  class=\"row text-center\"> <div  class=\"col-xs-12 col-sm-8 col-sm-offset-2 contact-form-wrapper inline-info\"> <div  class=\"card large-padding\"> <div  class=\"\" data-content-shortcode=\"mesmerize_contact_form shortcode=&quot;wpforms id=&amp;amp;quot;7333&amp;amp;quot;&quot;\" data-editable=\"true\"><style id=\"wpforms-css-vars-7333\">\n\t\t\t\t#wpforms-7333 {\n\t\t\t\t--wpforms-container-padding: 0px;\n--wpforms-container-border-width: 1px;\n--wpforms-container-border-radius: 3px;\n--wpforms-background-color: rgba(0, 0, 0, 0);\n--wpforms-field-size-input-height: 43px;\n--wpforms-field-size-input-spacing: 15px;\n--wpforms-field-size-font-size: 16px;\n--wpforms-field-size-line-height: 19px;\n--wpforms-field-size-padding-h: 14px;\n--wpforms-field-size-checkbox-size: 16px;\n--wpforms-field-size-sublabel-spacing: 5px;\n--wpforms-field-size-icon-size: 1;\n--wpforms-label-size-font-size: 16px;\n--wpforms-label-size-line-height: 19px;\n--wpforms-label-size-sublabel-font-size: 14px;\n--wpforms-label-size-sublabel-line-height: 17px;\n--wpforms-button-size-font-size: 17px;\n--wpforms-button-size-height: 41px;\n--wpforms-button-size-padding-h: 15px;\n--wpforms-button-size-margin-top: 10px;\n--wpforms-container-shadow-size-box-shadow: none;\n\t\t\t}\n\t\t\t<\/style><div class=\"wpforms-container wpforms-container-full wpforms-render-modern\" id=\"wpforms-7333\"><form id=\"wpforms-form-7333\" class=\"wpforms-validate wpforms-form wpforms-ajax-form\" data-formid=\"7333\" method=\"post\" enctype=\"multipart\/form-data\" action=\"\/index.php?rest_route=%2Fwp%2Fv2%2Fpages%2F6\" data-token=\"b33b562d4e4f8de21427ae44016e1d87\" data-token-time=\"1778238225\"><noscript class=\"wpforms-error-noscript\">Veuillez activer JavaScript dans votre navigateur pour remplir ce formulaire.<\/noscript><div id=\"wpforms-error-noscript\" style=\"display: none;\">Veuillez activer JavaScript dans votre navigateur pour remplir ce formulaire.<\/div><div class=\"wpforms-field-container\"><div id=\"wpforms-7333-field_1-container\" class=\"wpforms-field wpforms-field-name\" data-field-id=\"1\"><fieldset><legend class=\"wpforms-field-label\">Nom <span class=\"wpforms-required-label\" aria-hidden=\"true\">*<\/span><\/legend><div class=\"wpforms-field-row wpforms-field-medium\"><div class=\"wpforms-field-row-block wpforms-first wpforms-one-half\"><input type=\"text\" id=\"wpforms-7333-field_1\" class=\"wpforms-field-name-first wpforms-field-required\" name=\"wpforms[fields][1][first]\" aria-errormessage=\"wpforms-7333-field_1-error\" required><label for=\"wpforms-7333-field_1\" class=\"wpforms-field-sublabel after\">Pr\u00e9nom<\/label><\/div><div class=\"wpforms-field-row-block wpforms-one-half\"><input type=\"text\" id=\"wpforms-7333-field_1-last\" class=\"wpforms-field-name-last wpforms-field-required\" name=\"wpforms[fields][1][last]\" aria-errormessage=\"wpforms-7333-field_1-last-error\" required><label for=\"wpforms-7333-field_1-last\" class=\"wpforms-field-sublabel after\">Nom<\/label><\/div><\/div><\/fieldset><\/div>\t\t<div id=\"wpforms-7333-field_4-container\"\n\t\t\tclass=\"wpforms-field wpforms-field-text\"\n\t\t\tdata-field-type=\"text\"\n\t\t\tdata-field-id=\"4\"\n\t\t\t>\n\t\t\t<label class=\"wpforms-field-label\" for=\"wpforms-7333-field_4\" >E-mail Nom Commentaire<\/label>\n\t\t\t<input type=\"text\" id=\"wpforms-7333-field_4\" class=\"wpforms-field-medium\" name=\"wpforms[fields][4]\" >\n\t\t<\/div>\n\t\t<div id=\"wpforms-7333-field_2-container\" class=\"wpforms-field wpforms-field-email\" data-field-id=\"2\"><label class=\"wpforms-field-label\" for=\"wpforms-7333-field_2\">E-mail <span class=\"wpforms-required-label\" aria-hidden=\"true\">*<\/span><\/label><input type=\"email\" id=\"wpforms-7333-field_2\" class=\"wpforms-field-medium wpforms-field-required\" name=\"wpforms[fields][2]\" spellcheck=\"false\" aria-errormessage=\"wpforms-7333-field_2-error\" required><\/div><div id=\"wpforms-7333-field_3-container\" class=\"wpforms-field wpforms-field-textarea\" data-field-id=\"3\"><label class=\"wpforms-field-label\" for=\"wpforms-7333-field_3\">Commentaire ou message<\/label><textarea id=\"wpforms-7333-field_3\" class=\"wpforms-field-medium\" name=\"wpforms[fields][3]\" aria-errormessage=\"wpforms-7333-field_3-error\" ><\/textarea><\/div><script>\n\t\t\t\t( function() {\n\t\t\t\t\tconst style = document.createElement( 'style' );\n\t\t\t\t\tstyle.appendChild( document.createTextNode( '#wpforms-7333-field_4-container { position: absolute !important; overflow: hidden !important; display: inline !important; height: 1px !important; width: 1px !important; z-index: -1000 !important; padding: 0 !important; } #wpforms-7333-field_4-container input { visibility: hidden; } #wpforms-conversational-form-page #wpforms-7333-field_4-container label { counter-increment: none; }' ) );\n\t\t\t\t\tdocument.head.appendChild( style );\n\t\t\t\t\tdocument.currentScript?.remove();\n\t\t\t\t} )();\n\t\t\t<\/script><\/div><!-- .wpforms-field-container --><div class=\"wpforms-submit-container\" ><input type=\"hidden\" name=\"wpforms[id]\" value=\"7333\"><input type=\"hidden\" name=\"page_title\" value=\"\"><input type=\"hidden\" name=\"page_url\" value=\"https:\/\/mutdidact.com\/index.php?rest_route=\/wp\/v2\/pages\/6\"><input type=\"hidden\" name=\"url_referer\" value=\"\"><button type=\"submit\" name=\"wpforms[submit]\" id=\"wpforms-submit-7333\" class=\"wpforms-submit\" data-alt-text=\"Envoi...\" data-submit-text=\"Envoyer\" aria-live=\"assertive\" value=\"wpforms-submit\">Envoyer<\/button><img loading=\"lazy\" decoding=\"async\" src=\"https:\/\/mutdidact.com\/wp-content\/plugins\/wpforms-lite\/assets\/images\/submit-spin.svg\" class=\"wpforms-submit-spinner\" style=\"display: none;\" width=\"26\" height=\"26\" alt=\"Chargement en cours\"><\/div><\/form><\/div>  <!-- .wpforms-container --><\/div><\/div> <\/div><\/div> <\/div><\/div>","protected":false},"excerpt":{"rendered":"<p>DES CONSULTANTS-FORMATEURS EXP\u00c9RIMENT\u00c9S Nous concevons et animons des formations depuis plus de 25 ans sur les th\u00e9matiques du D\u00e9veloppement de la Culture Client, du Management de la Qualit\u00e9, du d\u00e9veloppement responsable et de l\u2019engagement au travail. DES CONTENUS ANDRAGOGIQUES OPTIMIS\u00c9S Nos modules \u00e9voluent avec vous. Le principe de l\u2019am\u00e9lioration continue est le n\u00f4tre avant d\u2019\u00eatre&hellip; <br \/> <a class=\"read-more\" href=\"https:\/\/mutdidact.com\/\">Lire la suite<\/a><\/p>\n","protected":false},"author":1,"featured_media":0,"parent":0,"menu_order":0,"comment_status":"closed","ping_status":"closed","template":"page-templates\/homepage.php","meta":{"pagelayer_contact_templates":[],"_pagelayer_content":"","footnotes":""},"class_list":["post-6","page","type-page","status-publish","hentry"],"_links":{"self":[{"href":"https:\/\/mutdidact.com\/index.php?rest_route=\/wp\/v2\/pages\/6","targetHints":{"allow":["GET"]}}],"collection":[{"href":"https:\/\/mutdidact.com\/index.php?rest_route=\/wp\/v2\/pages"}],"about":[{"href":"https:\/\/mutdidact.com\/index.php?rest_route=\/wp\/v2\/types\/page"}],"author":[{"embeddable":true,"href":"https:\/\/mutdidact.com\/index.php?rest_route=\/wp\/v2\/users\/1"}],"replies":[{"embeddable":true,"href":"https:\/\/mutdidact.com\/index.php?rest_route=%2Fwp%2Fv2%2Fcomments&post=6"}],"version-history":[{"count":32,"href":"https:\/\/mutdidact.com\/index.php?rest_route=\/wp\/v2\/pages\/6\/revisions"}],"predecessor-version":[{"id":7459,"href":"https:\/\/mutdidact.com\/index.php?rest_route=\/wp\/v2\/pages\/6\/revisions\/7459"}],"wp:attachment":[{"href":"https:\/\/mutdidact.com\/index.php?rest_route=%2Fwp%2Fv2%2Fmedia&parent=6"}],"curies":[{"name":"wp","href":"https:\/\/api.w.org\/{rel}","templated":true}]}}